{"id":11,"date":"2021-05-11T22:45:49","date_gmt":"2021-05-11T22:45:49","guid":{"rendered":"https:\/\/positivetly.cl\/wp\/?page_id=11"},"modified":"2025-07-22T19:22:46","modified_gmt":"2025-07-22T19:22:46","slug":"vic","status":"publish","type":"page","link":"https:\/\/positivetly.cl\/en\/vic\/","title":{"rendered":"VIC"},"content":{"rendered":"<div data-elementor-type=\"wp-page\" data-elementor-id=\"11\" class=\"elementor elementor-11\">\n\t\t\t\t\t\t<section class=\"has_eae_slider elementor-section elementor-top-section elementor-element elementor-element-8658f1b elementor-section-boxed elementor-section-height-default elementor-section-height-default\" data-eae-slider=\"30049\" data-id=\"8658f1b\" data-element_type=\"section\">\n\t\t\t\t\t\t<div class=\"elementor-container elementor-column-gap-default\">\n\t\t\t\t\t<div class=\"has_eae_slider elementor-column elementor-col-100 elementor-top-column elementor-element elementor-element-4cf01e8\" data-eae-slider=\"35115\" data-id=\"4cf01e8\" data-element_type=\"column\">\n\t\t\t<div class=\"elementor-widget-wrap elementor-element-populated\">\n\t\t\t\t\t\t<div class=\"elementor-element elementor-element-699e0ce elementor-widget elementor-widget-image\" data-id=\"699e0ce\" data-element_type=\"widget\" data-widget_type=\"image.default\">\n\t\t\t\t<div class=\"elementor-widget-container\">\n\t\t\t\t\t\t\t\t\t\t\t\t\t<img fetchpriority=\"high\" decoding=\"async\" width=\"1024\" height=\"576\" src=\"https:\/\/positivetly.cl\/wp-content\/uploads\/2025\/07\/Positivetly-RR.SS-2025-Sitio-web-1024x576.png\" class=\"attachment-large size-large wp-image-4389\" alt=\"\" srcset=\"https:\/\/positivetly.cl\/wp-content\/uploads\/2025\/07\/Positivetly-RR.SS-2025-Sitio-web-1024x576.png 1024w, https:\/\/positivetly.cl\/wp-content\/uploads\/2025\/07\/Positivetly-RR.SS-2025-Sitio-web-300x169.png 300w, https:\/\/positivetly.cl\/wp-content\/uploads\/2025\/07\/Positivetly-RR.SS-2025-Sitio-web-768x432.png 768w, https:\/\/positivetly.cl\/wp-content\/uploads\/2025\/07\/Positivetly-RR.SS-2025-Sitio-web-18x10.png 18w, https:\/\/positivetly.cl\/wp-content\/uploads\/2025\/07\/Positivetly-RR.SS-2025-Sitio-web-1110x624.png 1110w, https:\/\/positivetly.cl\/wp-content\/uploads\/2025\/07\/Positivetly-RR.SS-2025-Sitio-web-528x297.png 528w, https:\/\/positivetly.cl\/wp-content\/uploads\/2025\/07\/Positivetly-RR.SS-2025-Sitio-web.png 1366w\" sizes=\"(max-width: 1024px) 100vw, 1024px\" \/>\t\t\t\t\t\t\t\t\t\t\t\t\t<\/div>\n\t\t\t\t<\/div>\n\t\t\t\t\t<\/div>\n\t\t<\/div>\n\t\t\t\t\t<\/div>\n\t\t<\/section>\n\t\t\t\t<section class=\"has_eae_slider elementor-section elementor-top-section elementor-element elementor-element-7e08d24 elementor-section-boxed elementor-section-height-default elementor-section-height-default\" data-eae-slider=\"39966\" data-id=\"7e08d24\" data-element_type=\"section\">\n\t\t\t\t\t\t<div class=\"elementor-container elementor-column-gap-default\">\n\t\t\t\t\t<div class=\"has_eae_slider elementor-column elementor-col-100 elementor-top-column elementor-element elementor-element-4c60554\" data-eae-slider=\"47719\" data-id=\"4c60554\" data-element_type=\"column\">\n\t\t\t<div class=\"elementor-widget-wrap elementor-element-populated\">\n\t\t\t\t\t\t<div class=\"elementor-element elementor-element-b197cd8 elementor-widget elementor-widget-heading\" data-id=\"b197cd8\" data-element_type=\"widget\" data-widget_type=\"heading.default\">\n\t\t\t\t<div class=\"elementor-widget-container\">\n\t\t\t<h2 class=\"elementor-heading-title elementor-size-default\">\u00bfQuieres saber m\u00e1s? Cont\u00e1ctanos<\/h2>\t\t<\/div>\n\t\t\t\t<\/div>\n\t\t\t\t\t<\/div>\n\t\t<\/div>\n\t\t\t\t\t<\/div>\n\t\t<\/section>\n\t\t\t\t<section class=\"has_eae_slider elementor-section elementor-top-section elementor-element elementor-element-650260b elementor-section-boxed elementor-section-height-default elementor-section-height-default\" data-eae-slider=\"37329\" data-id=\"650260b\" data-element_type=\"section\">\n\t\t\t\t\t\t<div class=\"elementor-container elementor-column-gap-narrow\">\n\t\t\t\t\t<div class=\"has_eae_slider elementor-column elementor-col-50 elementor-top-column elementor-element elementor-element-8636d26\" data-eae-slider=\"12353\" data-id=\"8636d26\" data-element_type=\"column\">\n\t\t\t<div class=\"elementor-widget-wrap elementor-element-populated\">\n\t\t\t\t\t\t<div class=\"elementor-element elementor-element-33eca08 elementor-widget elementor-widget-image\" data-id=\"33eca08\" data-element_type=\"widget\" data-widget_type=\"image.default\">\n\t\t\t\t<div class=\"elementor-widget-container\">\n\t\t\t\t\t\t\t\t\t\t\t\t\t<img decoding=\"async\" width=\"1024\" height=\"504\" src=\"https:\/\/positivetly.cl\/wp-content\/uploads\/2021\/06\/closeup-business-woman-hand-typing-laptop-keyboard-1-1024x504.jpg\" class=\"attachment-large size-large wp-image-1649\" alt=\"\" srcset=\"https:\/\/positivetly.cl\/wp-content\/uploads\/2021\/06\/closeup-business-woman-hand-typing-laptop-keyboard-1-1024x504.jpg 1024w, https:\/\/positivetly.cl\/wp-content\/uploads\/2021\/06\/closeup-business-woman-hand-typing-laptop-keyboard-1-300x148.jpg 300w, https:\/\/positivetly.cl\/wp-content\/uploads\/2021\/06\/closeup-business-woman-hand-typing-laptop-keyboard-1-768x378.jpg 768w, https:\/\/positivetly.cl\/wp-content\/uploads\/2021\/06\/closeup-business-woman-hand-typing-laptop-keyboard-1-1536x756.jpg 1536w, https:\/\/positivetly.cl\/wp-content\/uploads\/2021\/06\/closeup-business-woman-hand-typing-laptop-keyboard-1-2048x1008.jpg 2048w\" sizes=\"(max-width: 1024px) 100vw, 1024px\" \/>\t\t\t\t\t\t\t\t\t\t\t\t\t<\/div>\n\t\t\t\t<\/div>\n\t\t\t\t\t<\/div>\n\t\t<\/div>\n\t\t\t\t<div class=\"has_eae_slider elementor-column elementor-col-50 elementor-top-column elementor-element elementor-element-86890ee\" data-eae-slider=\"24122\" data-id=\"86890ee\" data-element_type=\"column\" data-settings=\"{&quot;background_background&quot;:&quot;gradient&quot;}\">\n\t\t\t<div class=\"elementor-widget-wrap elementor-element-populated\">\n\t\t\t\t\t\t<div class=\"elementor-element elementor-element-a14c18e eael-contact-form-7-button-align-right eael-contact-form-7-button-custom elementor-widget elementor-widget-eael-contact-form-7\" data-id=\"a14c18e\" data-element_type=\"widget\" data-widget_type=\"eael-contact-form-7.default\">\n\t\t\t\t<div class=\"elementor-widget-container\">\n\t\t\t<div class=\"eael-contact-form-7-wrapper\">\n                <div class=\"eael-contact-form eael-contact-form-7 eael-contact-form-a14c18e placeholder-show eael-contact-form-align-default\">\n<div class=\"wpcf7 no-js\" id=\"wpcf7-f2969-o1\" lang=\"en-US\" dir=\"ltr\" data-wpcf7-id=\"2969\">\n<div class=\"screen-reader-response\"><p role=\"status\" aria-live=\"polite\" aria-atomic=\"true\"><\/p> <ul><\/ul><\/div>\n<form action=\"\/en\/wp-json\/wp\/v2\/pages\/11#wpcf7-f2969-o1\" method=\"post\" class=\"wpcf7-form init\" aria-label=\"Contact form\" novalidate=\"novalidate\" data-status=\"init\" data-trp-original-action=\"\/en\/wp-json\/wp\/v2\/pages\/11#wpcf7-f2969-o1\">\n<fieldset class=\"hidden-fields-container\"><input type=\"hidden\" name=\"_wpcf7\" value=\"2969\" \/><input type=\"hidden\" name=\"_wpcf7_version\" value=\"6.1.4\" \/><input type=\"hidden\" name=\"_wpcf7_locale\" value=\"en_US\" \/><input type=\"hidden\" name=\"_wpcf7_unit_tag\" value=\"wpcf7-f2969-o1\" \/><input type=\"hidden\" name=\"_wpcf7_container_post\" value=\"0\" \/><input type=\"hidden\" name=\"_wpcf7_posted_data_hash\" value=\"\" \/>\n<\/fieldset>\n<p><label> Name<br \/>\n<span class=\"wpcf7-form-control-wrap\" data-name=\"your-name\"><input size=\"40\" maxlength=\"400\" class=\"wpcf7-form-control wpcf7-text wpcf7-validates-as-required\" autocomplete=\"name\" aria-required=\"true\" aria-invalid=\"false\" value=\"\" type=\"text\" name=\"your-name\" \/><\/span> <\/label>\n<\/p>\n<p><label> E-mail<br \/>\n<span class=\"wpcf7-form-control-wrap\" data-name=\"your-email\"><input size=\"40\" maxlength=\"400\" class=\"wpcf7-form-control wpcf7-email wpcf7-validates-as-required wpcf7-text wpcf7-validates-as-email\" autocomplete=\"email\" aria-required=\"true\" aria-invalid=\"false\" value=\"\" type=\"email\" name=\"your-email\" \/><\/span> <\/label>\n<\/p>\n<p><label> Subject<br \/>\n<span class=\"wpcf7-form-control-wrap\" data-name=\"your-subject\"><input size=\"40\" maxlength=\"400\" class=\"wpcf7-form-control wpcf7-text wpcf7-validates-as-required\" aria-required=\"true\" aria-invalid=\"false\" value=\"\" type=\"text\" name=\"your-subject\" \/><\/span> <\/label>\n<\/p>\n<p><label> Message<br \/>\n<span class=\"wpcf7-form-control-wrap\" data-name=\"your-message\"><textarea cols=\"40\" rows=\"10\" maxlength=\"2000\" class=\"wpcf7-form-control wpcf7-textarea\" aria-invalid=\"false\" name=\"your-message\"><\/textarea><\/span> <\/label>\n<\/p>\n<p><input class=\"wpcf7-form-control wpcf7-submit has-spinner\" type=\"submit\" value=\"Submit\" \/>\n<\/p><div class=\"wpcf7-response-output\" aria-hidden=\"true\"><\/div>\n<input type=\"hidden\" name=\"trp-form-language\" value=\"en\"\/><\/form>\n<\/div>\n<\/div>\n            <\/div>\t\t<\/div>\n\t\t\t\t<\/div>\n\t\t\t\t\t<\/div>\n\t\t<\/div>\n\t\t\t\t\t<\/div>\n\t\t<\/section>\n\t\t\t\t<\/div>","protected":false},"excerpt":{"rendered":"<p>\u00bfQuieres saber m\u00e1s? Cont\u00e1ctanos Nombre Correo electr\u00f3nico Asunto Mensaje<\/p>","protected":false},"author":1,"featured_media":0,"parent":0,"menu_order":0,"comment_status":"closed","ping_status":"closed","template":"elementor_canvas","meta":{"footnotes":""},"class_list":["post-11","page","type-page","status-publish","czr-hentry"],"_links":{"self":[{"href":"https:\/\/positivetly.cl\/en\/wp-json\/wp\/v2\/pages\/11","targetHints":{"allow":["GET"]}}],"collection":[{"href":"https:\/\/positivetly.cl\/en\/wp-json\/wp\/v2\/pages"}],"about":[{"href":"https:\/\/positivetly.cl\/en\/wp-json\/wp\/v2\/types\/page"}],"author":[{"embeddable":true,"href":"https:\/\/positivetly.cl\/en\/wp-json\/wp\/v2\/users\/1"}],"replies":[{"embeddable":true,"href":"https:\/\/positivetly.cl\/en\/wp-json\/wp\/v2\/comments?post=11"}],"version-history":[{"count":168,"href":"https:\/\/positivetly.cl\/en\/wp-json\/wp\/v2\/pages\/11\/revisions"}],"predecessor-version":[{"id":4399,"href":"https:\/\/positivetly.cl\/en\/wp-json\/wp\/v2\/pages\/11\/revisions\/4399"}],"wp:attachment":[{"href":"https:\/\/positivetly.cl\/en\/wp-json\/wp\/v2\/media?parent=11"}],"curies":[{"name":"wp","href":"https:\/\/api.w.org\/{rel}","templated":true}]}}